{"id":80,"date":"2024-10-22T15:31:43","date_gmt":"2024-10-22T15:31:43","guid":{"rendered":"https:\/\/elgranaservices.com\/?page_id=80"},"modified":"2025-06-28T11:38:54","modified_gmt":"2025-06-28T16:38:54","slug":"home","status":"publish","type":"page","link":"https:\/\/elgranaservices.com\/","title":{"rendered":"Home"},"content":{"rendered":"\t\t<div data-elementor-type=\"wp-page\" data-elementor-id=\"80\" class=\"elementor elementor-80\" data-elementor-post-type=\"page\">\n\t\t\t\t<div class=\"elementor-element elementor-element-b9205a8 e-con-full e-flex e-con e-parent\" data-id=\"b9205a8\" data-element_type=\"container\" id=\"home\">\n\t\t\t\t<div class=\"elementor-element elementor-element-6f47603 elementor--h-position-left elementor-hidden-tablet elementor-hidden-mobile elementor--v-position-middle elementor-arrows-position-inside elementor-pagination-position-inside elementor-widget elementor-widget-slides\" data-id=\"6f47603\" data-element_type=\"widget\" data-settings=\"{&quot;transition&quot;:&quot;fade&quot;,&quot;navigation&quot;:&quot;both&quot;,&quot;autoplay&quot;:&quot;yes&quot;,&quot;pause_on_hover&quot;:&quot;yes&quot;,&quot;pause_on_interaction&quot;:&quot;yes&quot;,&quot;autoplay_speed&quot;:5000,&quot;infinite&quot;:&quot;yes&quot;,&quot;transition_speed&quot;:500}\" data-widget_type=\"slides.default\">\n\t\t\t\t<div class=\"elementor-widget-container\">\n\t\t\t\t\t<div class=\"elementor-swiper\">\n\t\t\t<div class=\"elementor-slides-wrapper elementor-main-swiper swiper\" dir=\"ltr\" data-animation=\"fadeInUp\">\n\t\t\t\t<div class=\"swiper-wrapper elementor-slides\">\n\t\t\t\t\t\t\t\t\t\t<div class=\"elementor-repeater-item-0e379be swiper-slide\"><div class=\"swiper-slide-bg\" role=\"img\"><\/div><div class=\"swiper-slide-inner\" ><div class=\"swiper-slide-contents\"><div class=\"elementor-slide-heading\">Seguridad y rapidez en cada kil\u00f3metro.<\/div><div class=\"elementor-slide-description\">Conf\u00eda en nuestra experiencia para transportar tu carga de manera segura y eficiente, cruzando fronteras sin complicaciones. En cada kil\u00f3metro, garantizamos puntualidad, seguridad y el mejor servicio para impulsar tu negocio<\/div><\/div><\/div><\/div><div class=\"elementor-repeater-item-aca994d swiper-slide\"><div class=\"swiper-slide-bg\" role=\"img\"><\/div><div class=\"swiper-slide-inner\" ><div class=\"swiper-slide-contents\"><div class=\"elementor-slide-heading\">Garantizamos seguridad en cada paso del camino<\/div><div class=\"elementor-slide-description\">Contamos con protocolos avanzados de protecci\u00f3n, seguimiento en tiempo real y un equipo altamente capacitado para asegurar que tus productos lleguen a su destino en perfecto estado, sin importar la distancia o los desaf\u00edos del camino<\/div><\/div><\/div><\/div><div class=\"elementor-repeater-item-3c9bcf7 swiper-slide\"><div class=\"swiper-slide-bg\" role=\"img\"><\/div><div class=\"swiper-slide-inner\" ><div class=\"swiper-slide-contents\"><div class=\"elementor-slide-heading\">Puntualidad garantizada, porque cada minuto cuenta para tu negocio.<\/div><div class=\"elementor-slide-description\">Nos comprometemos a entregar tu carga siempre a tiempo, ajust\u00e1ndonos a los plazos establecidos para que tu negocio siga avanzando sin retrasos. Nuestra experiencia garantizan que cada env\u00edo llegue puntualmente, sin excepciones.<\/div><\/div><\/div><\/div>\t\t\t\t<\/div>\n\t\t\t\t\t\t\t\t\t\t\t\t\t\t\t<div class=\"swiper-pagination\"><\/div>\n\t\t\t\t\t\t\t\t\t\t\t\t\t\t\t\t<div class=\"elementor-swiper-button elementor-swiper-button-prev\" role=\"button\" tabindex=\"0\">\n\t\t\t\t\t\t\t<svg aria-hidden=\"true\" class=\"e-font-icon-svg e-eicon-chevron-left\" viewBox=\"0 0 1000 1000\" xmlns=\"http:\/\/www.w3.org\/2000\/svg\"><path d=\"M646 125C629 125 613 133 604 142L308 442C296 454 292 471 292 487 292 504 296 521 308 533L604 854C617 867 629 875 646 875 663 875 679 871 692 858 704 846 713 829 713 812 713 796 708 779 692 767L438 487 692 225C700 217 708 204 708 187 708 171 704 154 692 142 675 129 663 125 646 125Z\"><\/path><\/svg>\t\t\t\t\t\t\t<span class=\"elementor-screen-only\">Previous slide<\/span>\n\t\t\t\t\t\t<\/div>\n\t\t\t\t\t\t<div class=\"elementor-swiper-button elementor-swiper-button-next\" role=\"button\" tabindex=\"0\">\n\t\t\t\t\t\t\t<svg aria-hidden=\"true\" class=\"e-font-icon-svg e-eicon-chevron-right\" viewBox=\"0 0 1000 1000\" xmlns=\"http:\/\/www.w3.org\/2000\/svg\"><path d=\"M696 533C708 521 713 504 713 487 713 471 708 454 696 446L400 146C388 133 375 125 354 125 338 125 325 129 313 142 300 154 292 171 292 187 292 204 296 221 308 233L563 492 304 771C292 783 288 800 288 817 288 833 296 850 308 863 321 871 338 875 354 875 371 875 388 867 400 854L696 533Z\"><\/path><\/svg>\t\t\t\t\t\t\t<span class=\"elementor-screen-only\">Next slide<\/span>\n\t\t\t\t\t\t<\/div>\n\t\t\t\t\t\t\t\t\t\t\t\t<\/div>\n\t\t<\/div>\n\t\t\t\t<\/div>\n\t\t\t\t<\/div>\n\t\t\t\t<\/div>\n\t\t<div class=\"elementor-element elementor-element-92f30d7 e-flex e-con-boxed e-con e-parent\" data-id=\"92f30d7\" data-element_type=\"container\" id=\"nosotros\">\n\t\t\t\t\t<div class=\"e-con-inner\">\n\t\t<div class=\"elementor-element elementor-element-0a07496 e-con-full e-flex e-con e-child\" data-id=\"0a07496\" data-element_type=\"container\">\n\t\t\t\t<div class=\"elementor-element elementor-element-5ba6a88 elementor-widget elementor-widget-image\" data-id=\"5ba6a88\" data-element_type=\"widget\" data-widget_type=\"image.default\">\n\t\t\t\t<div class=\"elementor-widget-container\">\n\t\t\t\t\t\t\t\t\t\t\t\t\t<img decoding=\"async\" src=\"https:\/\/elgranaservices.com\/wp-content\/uploads\/elementor\/thumbs\/Diseno-sin-titulo-1-qwo17objd040igjhevq0go9vld82qpiqd9t1lliark.jpg\" title=\"Dise\u00f1o sin t\u00edtulo (1)\" alt=\"\" loading=\"lazy\" \/>\t\t\t\t\t\t\t\t\t\t\t\t\t<\/div>\n\t\t\t\t<\/div>\n\t\t\t\t<\/div>\n\t\t<div class=\"elementor-element elementor-element-2c4083e e-con-full e-flex e-con e-child\" data-id=\"2c4083e\" data-element_type=\"container\">\n\t\t\t\t<div class=\"elementor-element elementor-element-d46df82 elementor-widget elementor-widget-heading\" data-id=\"d46df82\" data-element_type=\"widget\" data-widget_type=\"heading.default\">\n\t\t\t\t<div class=\"elementor-widget-container\">\n\t\t\t<h2 class=\"elementor-heading-title elementor-size-default\">Sobre nosotros<\/h2>\t\t<\/div>\n\t\t\t\t<\/div>\n\t\t\t\t<div class=\"elementor-element elementor-element-9f9e93f elementor-widget elementor-widget-text-editor\" data-id=\"9f9e93f\" data-element_type=\"widget\" data-widget_type=\"text-editor.default\">\n\t\t\t\t<div class=\"elementor-widget-container\">\n\t\t\t\t\t\t\t<p>En el Grana Services fue fundada a principios de 2022 por dos mujeres visionarias, nuestra compa\u00f1\u00eda naci\u00f3 con el prop\u00f3sito de <strong>explorar el vasto mundo del transporte<\/strong> y, al mismo tiempo, ayudar a otros a cumplir sus sue\u00f1os. Con determinaci\u00f3n, hemos acumulado experiencia, superado desaf\u00edos y logrado un crecimiento sostenido.\u00a0 Comenzamos ofreciendo servicios de <strong>hot shot<\/strong>, pero r\u00e1pidamente expandimos nuestras operaciones a <strong>box trucks<\/strong>.<\/p><p>Nuestra trayectoria nos ha permitido trabajar con grandes clientes como:<\/p><p>\ud83c\uddfa\ud83c\uddf8 <strong>US Army y US Marine<\/strong><br \/>\ud83d\udcec <strong>Post Office<\/strong><br \/>\ud83c\udfec <strong>Walmart y Lowe&#8217;s<\/strong><br \/>\ud83d\ude9a <strong>Amad Logistic LLC, Carvajal Freight Systems Corp<\/strong>, y muchos m\u00e1s.<\/p><p>\u00a0<\/p>\t\t\t\t\t\t<\/div>\n\t\t\t\t<\/div>\n\t\t\t\t<\/div>\n\t\t\t\t\t<\/div>\n\t\t\t\t<\/div>\n\t\t<div class=\"elementor-element elementor-element-3fda605 e-flex e-con-boxed e-con e-parent\" data-id=\"3fda605\" data-element_type=\"container\" id=\"servicios\" data-settings=\"{&quot;background_background&quot;:&quot;classic&quot;}\">\n\t\t\t\t\t<div class=\"e-con-inner\">\n\t\t\t\t<div class=\"elementor-element elementor-element-918243e elementor-widget elementor-widget-global elementor-global-299 elementor-widget-heading\" data-id=\"918243e\" data-element_type=\"widget\" data-widget_type=\"heading.default\">\n\t\t\t\t<div class=\"elementor-widget-container\">\n\t\t\t<h2 class=\"elementor-heading-title elementor-size-default\">Nuestros Servicios<\/h2>\t\t<\/div>\n\t\t\t\t<\/div>\n\t\t<div class=\"elementor-element elementor-element-4ac3519 e-grid e-con-full e-con e-child\" data-id=\"4ac3519\" data-element_type=\"container\">\n\t\t\t\t<div class=\"elementor-element elementor-element-8421613 elementor-widget elementor-widget-text-editor\" data-id=\"8421613\" data-element_type=\"widget\" data-widget_type=\"text-editor.default\">\n\t\t\t\t<div class=\"elementor-widget-container\">\n\t\t\t\t\t\t\t<p><strong>1\ufe0f\u20e3 Transporte de mercanc\u00edas y carga seca<\/strong><br \/>Ofrecemos soluciones eficientes y confiables para el transporte de todo tipo de carga seca. Contamos con una flota diversa que incluye:<br \/>\ud83d\ude90 Pick-ups<br \/>\ud83d\ude9b Vans<br \/>\ud83d\udce6 Box Trucks<br \/>\ud83d\udefb Camiones de 53 pies<\/p>\t\t\t\t\t\t<\/div>\n\t\t\t\t<\/div>\n\t\t\t\t<div class=\"elementor-element elementor-element-d8fdde7 elementor-widget elementor-widget-text-editor\" data-id=\"d8fdde7\" data-element_type=\"widget\" data-widget_type=\"text-editor.default\">\n\t\t\t\t<div class=\"elementor-widget-container\">\n\t\t\t\t\t\t\t<p><strong>2\ufe0f\u20e3 Asesor\u00eda para Owner Operators y nuevos emprendedores<\/strong><br \/>Te guiamos paso a paso para incursionar en el mundo del transporte, ayud\u00e1ndote a obtener:<br \/>\ud83d\udcdc MC, USDOT, UCR, BOC-3<br \/>\ud83d\udcca Actualizaci\u00f3n de MC-150 y Anual Report<br \/>\ud83d\udea6 Permisos interstate<\/p>\t\t\t\t\t\t<\/div>\n\t\t\t\t<\/div>\n\t\t\t\t<div class=\"elementor-element elementor-element-e70953c elementor-widget elementor-widget-text-editor\" data-id=\"e70953c\" data-element_type=\"widget\" data-widget_type=\"text-editor.default\">\n\t\t\t\t<div class=\"elementor-widget-container\">\n\t\t\t\t\t\t\t<p><strong>3\ufe0f\u20e3 Administraci\u00f3n y soporte empresarial<\/strong><br \/>Facilitamos la gesti\u00f3n completa de tu negocio:<br \/>\ud83d\udcbc Econom\u00eda y contabilidad de la empresa<br \/>\u270d\ufe0f Notarizaci\u00f3n de documentos<br \/>\ud83d\udcc8 Vinculaci\u00f3n con seguros comerciales confiables<\/p>\t\t\t\t\t\t<\/div>\n\t\t\t\t<\/div>\n\t\t\t\t<div class=\"elementor-element elementor-element-be191d9 elementor-widget elementor-widget-text-editor\" data-id=\"be191d9\" data-element_type=\"widget\" data-widget_type=\"text-editor.default\">\n\t\t\t\t<div class=\"elementor-widget-container\">\n\t\t\t\t\t\t\t<p><strong>4\ufe0f\u20e3 Servicios de Dispatch y Factoring<\/strong><br \/>Maximiza tus operaciones con nuestro soporte:<br \/>\ud83d\udcde Coordinaci\u00f3n de env\u00edos a trav\u00e9s de dispatch<br \/>\ud83d\udcb5 Factoring para una gesti\u00f3n eficiente de tus ingresos<\/p><p>\ud83d\udca1 <strong>Conf\u00eda en nosotros para llevar tu negocio al siguiente nivel.<\/strong> Tu carga, nuestra prioridad.<\/p>\t\t\t\t\t\t<\/div>\n\t\t\t\t<\/div>\n\t\t\t\t<\/div>\n\t\t\t\t\t<\/div>\n\t\t\t\t<\/div>\n\t\t\t\t<\/div>\n\t\t","protected":false},"excerpt":{"rendered":"<p>Seguridad y rapidez en cada kil\u00f3metro.Conf\u00eda en nuestra experiencia para transportar tu carga de manera segura y eficiente, cruzando fronteras sin complicaciones. En cada kil\u00f3metro, garantizamos puntualidad, seguridad y el mejor servicio para impulsar tu negocioGarantizamos seguridad en cada paso del caminoContamos con protocolos avanzados de protecci\u00f3n, seguimiento en tiempo real y un equipo altamente [&hellip;]<\/p>\n","protected":false},"author":1,"featured_media":0,"parent":0,"menu_order":0,"comment_status":"closed","ping_status":"closed","template":"","meta":{"footnotes":""},"class_list":["post-80","page","type-page","status-publish","hentry"],"_links":{"self":[{"href":"https:\/\/elgranaservices.com\/index.php?rest_route=\/wp\/v2\/pages\/80","targetHints":{"allow":["GET"]}}],"collection":[{"href":"https:\/\/elgranaservices.com\/index.php?rest_route=\/wp\/v2\/pages"}],"about":[{"href":"https:\/\/elgranaservices.com\/index.php?rest_route=\/wp\/v2\/types\/page"}],"author":[{"embeddable":true,"href":"https:\/\/elgranaservices.com\/index.php?rest_route=\/wp\/v2\/users\/1"}],"replies":[{"embeddable":true,"href":"https:\/\/elgranaservices.com\/index.php?rest_route=%2Fwp%2Fv2%2Fcomments&post=80"}],"version-history":[{"count":262,"href":"https:\/\/elgranaservices.com\/index.php?rest_route=\/wp\/v2\/pages\/80\/revisions"}],"predecessor-version":[{"id":510,"href":"https:\/\/elgranaservices.com\/index.php?rest_route=\/wp\/v2\/pages\/80\/revisions\/510"}],"wp:attachment":[{"href":"https:\/\/elgranaservices.com\/index.php?rest_route=%2Fwp%2Fv2%2Fmedia&parent=80"}],"curies":[{"name":"wp","href":"https:\/\/api.w.org\/{rel}","templated":true}]}}